{"id":5863,"date":"2021-03-18T20:11:54","date_gmt":"2021-03-18T19:11:54","guid":{"rendered":"https:\/\/iqprisma.pl\/sk\/?page_id=5863"},"modified":"2021-03-18T20:12:26","modified_gmt":"2021-03-18T19:12:26","slug":"reklamacny-formular","status":"publish","type":"page","link":"https:\/\/iqprisma.pl\/sk\/reklamacny-formular\/","title":{"rendered":"Reklama\u010dn\u00fd formul\u00e1r"},"content":{"rendered":"<style>\n@media (min-width: 880px) {\n.podform\n{\nmargin-top: -90px;margin-bottom: 40px;\n}\n}\n@media (max-width: 880px) {\n.podform\n{\nmargin-top: -30px; margin-bottom: 40px;\n}\n}\n.yrm-btn-wrapper {\n    text-align: left!important;\n}\n.yrm-cntent-2 {\nfont-size: 9px!important;\n    color: #f74646;\nline-height: 13px;\n}\n<\/style>\n<div class=\"podform\">(vyp\u013a\u0148a optika)<\/div>\n\n<div class=\"wpcf7 no-js\" id=\"wpcf7-f5862-o1\" lang=\"pl-PL\" dir=\"ltr\" data-wpcf7-id=\"5862\">\n<div class=\"screen-reader-response\"><p role=\"status\" aria-live=\"polite\" aria-atomic=\"true\"><\/p> <ul><\/ul><\/div>\n<form action=\"\/sk\/wp-json\/wp\/v2\/pages\/5863#wpcf7-f5862-o1\" method=\"post\" class=\"wpcf7-form init wpcf7-acceptance-as-validation\" aria-label=\"Formularz kontaktowy\" enctype=\"multipart\/form-data\" novalidate=\"novalidate\" data-status=\"init\">\n<fieldset class=\"hidden-fields-container\"><input type=\"hidden\" name=\"_wpcf7\" value=\"5862\" \/><input type=\"hidden\" name=\"_wpcf7_version\" value=\"6.1.5\" \/><input type=\"hidden\" name=\"_wpcf7_locale\" value=\"pl_PL\" \/><input type=\"hidden\" name=\"_wpcf7_unit_tag\" value=\"wpcf7-f5862-o1\" \/><input type=\"hidden\" name=\"_wpcf7_container_post\" value=\"0\" \/><input type=\"hidden\" name=\"_wpcf7_posted_data_hash\" value=\"\" \/><input type=\"hidden\" name=\"_wpcf7cf_hidden_group_fields\" value=\"[]\" \/><input type=\"hidden\" name=\"_wpcf7cf_hidden_groups\" value=\"[]\" \/><input type=\"hidden\" name=\"_wpcf7cf_visible_groups\" value=\"[]\" \/><input type=\"hidden\" name=\"_wpcf7cf_repeaters\" value=\"[]\" \/><input type=\"hidden\" name=\"_wpcf7cf_steps\" value=\"{}\" \/><input type=\"hidden\" name=\"_wpcf7cf_options\" value=\"{&quot;form_id&quot;:5862,&quot;conditions&quot;:[{&quot;then_field&quot;:&quot;group-223&quot;,&quot;and_rules&quot;:[{&quot;if_field&quot;:&quot;checkbox-45&quot;,&quot;operator&quot;:&quot;equals&quot;,&quot;if_value&quot;:&quot;prav\\u00e1 stranica&quot;},{&quot;if_field&quot;:&quot;checkbox-139&quot;,&quot;operator&quot;:&quot;equals&quot;,&quot;if_value&quot;:&quot;zlomen\\u00e1 stranica&quot;}]},{&quot;then_field&quot;:&quot;group-223&quot;,&quot;and_rules&quot;:[{&quot;if_field&quot;:&quot;checkbox-45&quot;,&quot;operator&quot;:&quot;equals&quot;,&quot;if_value&quot;:&quot;\\u013eav\\u00e1 stranica&quot;},{&quot;if_field&quot;:&quot;checkbox-139&quot;,&quot;operator&quot;:&quot;equals&quot;,&quot;if_value&quot;:&quot;zlomen\\u00e1 stranica&quot;}]}],&quot;settings&quot;:{&quot;animation&quot;:&quot;yes&quot;,&quot;animation_intime&quot;:200,&quot;animation_outtime&quot;:200,&quot;conditions_ui&quot;:&quot;normal&quot;,&quot;notice_dismissed&quot;:false}}\" \/><input type=\"hidden\" name=\"_wpcf7_recaptcha_response\" value=\"\" \/>\n<\/fieldset>\n<div style=\"margin-bottom: 10px;\">\n\t<p><span class=\"wpcf7-form-control-wrap\" data-name=\"radio-612\"><span class=\"wpcf7-form-control wpcf7-radio\"><span class=\"wpcf7-list-item first\"><input type=\"radio\" name=\"radio-612\" value=\"Reklama\u010dn\u00fd\" checked=\"checked\" \/><span class=\"wpcf7-list-item-label\">Reklama\u010dn\u00fd<\/span><\/span><span class=\"wpcf7-list-item last\"><input type=\"radio\" name=\"radio-612\" value=\"N\u00e1kup dielov\" \/><span class=\"wpcf7-list-item-label\">N\u00e1kup dielov<\/span><\/span><\/span><\/span>\n\t<\/p>\n<\/div>\n<p><span class=\"wpcf7-form-control-wrap\" data-name=\"your-name\"><input size=\"40\" maxlength=\"400\" class=\"wpcf7-form-control wpcf7-text wpcf7-validates-as-required\" aria-required=\"true\" aria-invalid=\"false\" placeholder=\"N\u00e1zov optiky (Vy\u017eadovan\u00e9)\" value=\"\" type=\"text\" name=\"your-name\" \/><\/span><br \/>\n<span class=\"wpcf7-form-control-wrap\" data-name=\"text-688\"><input size=\"40\" maxlength=\"400\" class=\"wpcf7-form-control wpcf7-text wpcf7-validates-as-required\" aria-required=\"true\" aria-invalid=\"false\" placeholder=\"Dodacia adresa (Vy\u017eadovan\u00e9)\" value=\"\" type=\"text\" name=\"text-688\" \/><\/span><br \/>\n<span class=\"wpcf7-form-control-wrap\" data-name=\"text-867\"><input size=\"40\" maxlength=\"400\" class=\"wpcf7-form-control wpcf7-text wpcf7-validates-as-required\" aria-required=\"true\" aria-invalid=\"false\" placeholder=\"DI\u010c(Vy\u017eadovan\u00e9)\" value=\"\" type=\"text\" name=\"text-867\" \/><\/span><br \/>\n<span class=\"wpcf7-form-control-wrap\" data-name=\"tel-580\"><input size=\"40\" maxlength=\"400\" class=\"wpcf7-form-control wpcf7-tel wpcf7-validates-as-required wpcf7-text wpcf7-validates-as-tel\" aria-required=\"true\" aria-invalid=\"false\" placeholder=\"Tel. (Vy\u017eadovan\u00e9)\" value=\"\" type=\"tel\" name=\"tel-580\" \/><\/span><br \/>\n<span class=\"wpcf7-form-control-wrap\" data-name=\"your-email\"><input size=\"40\" maxlength=\"400\" class=\"wpcf7-form-control wpcf7-email wpcf7-validates-as-required wpcf7-text wpcf7-validates-as-email\" aria-required=\"true\" aria-invalid=\"false\" placeholder=\"E-mail: (Vy\u017eadovan\u00e9)\" value=\"\" type=\"email\" name=\"your-email\" \/><\/span><br \/>\n<span class=\"wpcf7-form-control-wrap\" data-name=\"text-656\"><input size=\"40\" maxlength=\"400\" class=\"wpcf7-form-control wpcf7-text wpcf7-validates-as-required\" aria-required=\"true\" aria-invalid=\"false\" placeholder=\"\u010c\u00edslo modelu (Vy\u017eadovan\u00e9)\" value=\"\" type=\"text\" name=\"text-656\" \/><\/span><br \/>\n<span class=\"wpcf7-form-control-wrap\" data-name=\"text-298\"><input size=\"40\" maxlength=\"400\" class=\"wpcf7-form-control wpcf7-text wpcf7-validates-as-required\" aria-required=\"true\" aria-invalid=\"false\" placeholder=\"Farba modelu (Vy\u017eadovan\u00e9)\" value=\"\" type=\"text\" name=\"text-298\" \/><\/span>\n<\/p>\n<p>Reklamovan\u00e1 \u010das\u0165: (Vy\u017eadovan\u00e9)\n<\/p>\n<div style=\"margin-top: 20px;\">\n\t<p><span class=\"wpcf7-form-control-wrap\" data-name=\"checkbox-45\"><span class=\"wpcf7-form-control wpcf7-checkbox wpcf7-validates-as-required wpcf7-exclusive-checkbox\"><span class=\"wpcf7-list-item first\"><input type=\"checkbox\" name=\"checkbox-45\" value=\"Predn\u00e1 \u010das\u0165\" \/><span class=\"wpcf7-list-item-label\">Predn\u00e1 \u010das\u0165<\/span><\/span><span class=\"wpcf7-list-item\"><input type=\"checkbox\" name=\"checkbox-45\" value=\"Prav\u00e1 stranica\" \/><span class=\"wpcf7-list-item-label\">Prav\u00e1 stranica<\/span><\/span><span class=\"wpcf7-list-item\"><input type=\"checkbox\" name=\"checkbox-45\" value=\"\u013dav\u00e1 stranica\" \/><span class=\"wpcf7-list-item-label\">\u013dav\u00e1 stranica<\/span><\/span><span class=\"wpcf7-list-item\"><input type=\"checkbox\" name=\"checkbox-45\" value=\"Oba stranice\" \/><span class=\"wpcf7-list-item-label\">Oba stranice<\/span><\/span><span class=\"wpcf7-list-item\"><input type=\"checkbox\" name=\"checkbox-45\" value=\"Flex\" \/><span class=\"wpcf7-list-item-label\">Flex<\/span><\/span><span class=\"wpcf7-list-item\"><input type=\"checkbox\" name=\"checkbox-45\" value=\"Dekorat\u00edvny prvok\" \/><span class=\"wpcf7-list-item-label\">Dekorat\u00edvny prvok<\/span><\/span><span class=\"wpcf7-list-item\"><input type=\"checkbox\" name=\"checkbox-45\" value=\"\u0160o\u0161ovka\" \/><span class=\"wpcf7-list-item-label\">\u0160o\u0161ovka<\/span><\/span><span class=\"wpcf7-list-item\"><input type=\"checkbox\" name=\"checkbox-45\" value=\"Celok\" \/><span class=\"wpcf7-list-item-label\">Celok<\/span><\/span><span class=\"wpcf7-list-item last\"><input type=\"checkbox\" name=\"checkbox-45\" value=\"In\u00e9\" \/><span class=\"wpcf7-list-item-label\">In\u00e9<\/span><\/span><\/span><\/span>\n\t<\/p>\n<\/div>\n<div style=\"margin-top: 20px;\">\n\t<p>D\u00f4vod na reklam\u00e1ciu: (Vy\u017eadovan\u00e9)\n\t<\/p>\n<\/div>\n<div style=\"margin-bottom: 20px; margin-top: 20px;\">\n\t<p><span class=\"wpcf7-form-control-wrap\" data-name=\"checkbox-139\"><span class=\"wpcf7-form-control wpcf7-checkbox wpcf7-validates-as-required wpcf7-exclusive-checkbox\"><span class=\"wpcf7-list-item first\"><input type=\"checkbox\" name=\"checkbox-139\" value=\"Zlomen\u00e1 stranica\" \/><span class=\"wpcf7-list-item-label\">Zlomen\u00e1 stranica<\/span><\/span><span class=\"wpcf7-list-item\"><input type=\"checkbox\" name=\"checkbox-139\" value=\"Od\u0161tiepenie\" \/><span class=\"wpcf7-list-item-label\">Od\u0161tiepenie<\/span><\/span><span class=\"wpcf7-list-item\"><input type=\"checkbox\" name=\"checkbox-139\" value=\"Odsp\u00e1jkovanie\" \/><span class=\"wpcf7-list-item-label\">Odsp\u00e1jkovanie<\/span><\/span><span class=\"wpcf7-list-item\"><input type=\"checkbox\" name=\"checkbox-139\" value=\"Prasknutie\" \/><span class=\"wpcf7-list-item-label\">Prasknutie<\/span><\/span><span class=\"wpcf7-list-item\"><input type=\"checkbox\" name=\"checkbox-139\" value=\"Strata farby\" \/><span class=\"wpcf7-list-item-label\">Strata farby<\/span><\/span><span class=\"wpcf7-list-item\"><input type=\"checkbox\" name=\"checkbox-139\" value=\"\u0160krabanec\" \/><span class=\"wpcf7-list-item-label\">\u0160krabanec<\/span><\/span><span class=\"wpcf7-list-item\"><input type=\"checkbox\" name=\"checkbox-139\" value=\"Zakrivenie\" \/><span class=\"wpcf7-list-item-label\">Zakrivenie<\/span><\/span><span class=\"wpcf7-list-item\"><input type=\"checkbox\" name=\"checkbox-139\" value=\"Po\u0161koden\u00fd z\u00e1vit\" \/><span class=\"wpcf7-list-item-label\">Po\u0161koden\u00fd z\u00e1vit<\/span><\/span><span class=\"wpcf7-list-item last\"><input type=\"checkbox\" name=\"checkbox-139\" value=\"In\u00e9\" \/><span class=\"wpcf7-list-item-label\">In\u00e9<\/span><\/span><\/span><\/span>\n\t<\/p>\n\t<div data-id=\"group-223\" data-orig_data_id=\"group-223\"  class=\"\" data-class=\"wpcf7cf_group\">\n\t\t<div style=\"margin-bottom: 10px; margin-top: 10px; font-weight: bold;\">\n\t\t\t<p>sta\u010d\u00ed v\u00fdmena flexu\n\t\t\t<\/p>\n\t\t<\/div>\n\t\t<p><span class=\"wpcf7-form-control-wrap\" data-name=\"radio-510\"><span class=\"wpcf7-form-control wpcf7-radio\"><span class=\"wpcf7-list-item first\"><input type=\"radio\" name=\"radio-510\" value=\"\u00c1no\" checked=\"checked\" \/><span class=\"wpcf7-list-item-label\">\u00c1no<\/span><\/span><span class=\"wpcf7-list-item last\"><input type=\"radio\" name=\"radio-510\" value=\"Nie\" \/><span class=\"wpcf7-list-item-label\">Nie<\/span><\/span><\/span><\/span>\n\t\t<\/p>\n\t<\/div>\n\t<div style=\"margin-bottom: 10px; margin-top: 10px;\">\n\t\t<p>Prilo\u017ei\u0165 fotografiu vady (Vy\u017eadovan\u00e9)\n\t\t<\/p>\n\t<\/div>\n\t<p><span class=\"wpcf7-form-control-wrap\" data-name=\"file-387\"><input size=\"40\" class=\"wpcf7-form-control wpcf7-file wpcf7-validates-as-required\" accept=\"audio\/*,video\/*,image\/*\" aria-required=\"true\" aria-invalid=\"false\" type=\"file\" name=\"file-387\" \/><\/span>\n\t<\/p>\n\t<p><span id=\"wpcf7-69e75041e6c77-wrapper\" class=\"wpcf7-form-control-wrap honeypot-226-wrap\" style=\"display:none !important; visibility:hidden !important;\"><label for=\"wpcf7-69e75041e6c77-field\" class=\"hp-message\">Please leave this field empty.<\/label><input id=\"wpcf7-69e75041e6c77-field\"  class=\"wpcf7-form-control wpcf7-text\" type=\"text\" name=\"honeypot-226\" value=\"\" size=\"40\" tabindex=\"-1\" autocomplete=\"new-password\" \/><\/span>\n\t<\/p>\n\t<div style=\"margin-top: 20px;\">\n\t\t<p><span class=\"wpcf7-form-control-wrap\" data-name=\"your-message\"><textarea cols=\"40\" rows=\"10\" maxlength=\"2000\" class=\"wpcf7-form-control wpcf7-textarea\" aria-invalid=\"false\" placeholder=\"Pozn\u00e1mky\" name=\"your-message\"><\/textarea><\/span>\n\t\t<\/p>\n\t<\/div>\n\t<p><span class=\"wpcf7-form-control-wrap\" data-name=\"acceptance-1\"><span class=\"wpcf7-form-control wpcf7-acceptance\"><span class=\"wpcf7-list-item\"><input type=\"checkbox\" name=\"acceptance-1\" value=\"1\" aria-invalid=\"false\" \/><\/span><\/span><\/span><em>S\u00fahlas\u00edm so spracovan\u00edm mojich osobn\u00fdch \u00fadajov v s\u00falade so V\u0161eobecn\u00fdm nariaden\u00edm o ochrane osobn\u00fdch \u00fadajov z 27. apr\u00edla 2016 a v s\u00falade so z\u00e1konom z 18. j\u00fala 2002 o poskytovan\u00ed elektronick\u00fdch slu\u017eieb (Zbierka z\u00e1konov \u010d. 144, polo\u017eka 1204 v znen\u00ed neskor\u0161\u00edch predpisov) spolo\u010dnos\u0165ou IQ Prisma Sp. z o. o. so s\u00eddlom na ul. Turawska 14A, 46-022 Zawada, Po\u013esko za \u00fa\u010delom a\u00a0nevyhnutnom rozsahu na pr\u00edpravu a predlo\u017eenie reklam\u00e1cie, zaslanej Administr\u00e1torovi pomocou vy\u0161\u0161ie uveden\u00e9ho reklama\u010dn\u00e9ho formul\u00e1ra. <\/em>\n\t<\/p>\n\t<div style=\"margin-bottom: 20px;\">\n\t\t<p><input class=\"wpcf7-form-control wpcf7-submit has-spinner\" type=\"submit\" value=\"odosla\u0165\" \/>\n\t\t<\/p>\n\t<\/div>\n<\/div><p style=\"display: none !important;\" class=\"akismet-fields-container\" data-prefix=\"_wpcf7_ak_\"><label>&#916;<textarea name=\"_wpcf7_ak_hp_textarea\" cols=\"45\" rows=\"8\" maxlength=\"100\"><\/textarea><\/label><input type=\"hidden\" id=\"ak_js_1\" name=\"_wpcf7_ak_js\" value=\"67\"\/><script>document.getElementById( \"ak_js_1\" ).setAttribute( \"value\", ( new Date() ).getTime() );<\/script><\/p><input type=\"text\" name=\"PJoxm\" value=\"\" style=\"display: none !important;\" \/><div class=\"wpcf7-response-output\" aria-hidden=\"true\"><\/div>\n<\/form>\n<\/div>\n\n<div class='yrm-content yrm-content-2 yrm-content-hide  ' id='yrm-pebIJ' data-id='2' data-show-status='false' data-after-action='' style=\"visibility: hidden;height: 0;\">\n\t\t\t<div id='yrm-inner-content-yrm-pebIJ' class='yrm-inner-content-wrapper yrm-cntent-2'>Oznamujeme v\u00e1m, \u017ee spr\u00e1vcom vami poskytnut\u00fdch osobn\u00fdch \u00fadajov je IQ Prisma Sp. z o.o.so s\u00eddlom na ul. Rodziewicz\u00f3wny 4, 45-348 Opole, Po\u013esko (\u010d\u00edslo v OR Po\u013eskej republiky 0000465835, DI\u010c PL7543073277, I\u010cO 161535696). \u010ealej by sme v\u00e1s chceli informova\u0165, \u017ee Va\u0161e osobn\u00e9 \u00fadaje bud\u00fa spracovan\u00e9 spolo\u010dnos\u0165ou IQ Prisma Sp. z o.o., za \u00fa\u010delom pr\u00edpravy odpovede na dan\u00fa ot\u00e1zku prostredn\u00edctvom reklama\u010dneho formul\u00e1ra na z\u00e1klade v\u00e1\u0161ho s\u00fahlasu (pod\u013ea \u010dl\u00e1nku 6 ods. 1 p\u00edsm. a) v\u0161eobecn\u00e9ho nariadenia o ochrane \u00fadajov). Va\u0161e osobn\u00e9 \u00fadaje bud\u00fa sprac\u00favan\u00e9, k\u00fdm nebude poskytnut\u00e1 odpove\u010f. M\u00e1te pr\u00e1vo po\u017eadova\u0165 pr\u00edstup k osobn\u00fdm \u00fadajom, ktor\u00e9 sa t\u00fdkaj\u00fa va\u0161ej osoby, opravu, vymazanie alebo obmedzenie sprac\u00favania t\u00fdchto \u00fadajov a pr\u00e1vo namieta\u0165 proti sprac\u00favaniu, rovnako m\u00e1te pr\u00e1vo aj na prenos \u00fadajov. Okrem toho m\u00e1te pr\u00e1vo svoj s\u00fahlas kedyko\u013evek odvola\u0165. Vy\u0161\u0161ie uveden\u00e9 nem\u00e1 vplyv na z\u00e1konnos\u0165 spracovania, ktor\u00e9 bolo vykonan\u00e9 na z\u00e1klade v\u00e1\u0161ho s\u00fahlasu pred jeho odvolan\u00edm. \u010ealej m\u00e1te pr\u00e1vo poda\u0165 s\u0165a\u017enos\u0165 u dozorn\u00e9ho org\u00e1nu &#8211; Predsedovi \u00daradu na ochranu osobn\u00fdch \u00fadajov. Poskytnutie va\u0161ich osobn\u00fdch \u00fadajov Vami je dobrovo\u013en\u00e9, ale je nevyhnutn\u00e9 pre zaslanie odpovede. Va\u0161e \u00fadaje nebud\u00fa spracovan\u00e9 automatizovan\u00fdm sp\u00f4sobom.\u00a0V s\u00falade so v\u0161eobecn\u00fdm nariaden\u00edm o ochrane osobn\u00fdch \u00fadajov z 27. apr\u00edla 2016 a v s\u00falade so z\u00e1konom zo d\u0148a 18. j\u00fala 2002 o poskytovan\u00ed elektronick\u00fdch slu\u017eieb (Zbierka z\u00e1konov \u010d. 144, polo\u017eka 1204, v znen\u00ed neskor\u0161\u00edch predpisov) , s\u00fahlas\u00edm so spracovan\u00edm mojich osobn\u00fdch \u00fadajov s cie\u013eom overi\u0165 si, \u017ee \u00fadaje, ktor\u00e9 mi poskytnete vo formul\u00e1ri, s\u00fa pravdiv\u00e9 a bud\u00fa pou\u017eit\u00e9 nato, aby mi spr\u00e1vca umo\u017enil online pr\u00edstup do katal\u00f3gu v\u00fdrobkov. Spr\u00e1vcom va\u0161ich \u00fadajov je IQ Prisma Sp. z o.o.so s\u00eddlom ul. Rodziewicz\u00f3wny 4, Opole, Po\u013esko (\u010d\u00edslo v OR Po\u013eskej republiky 0000465835, DI\u010c PL7543073277, I\u010cO 161535696).<br \/>\n<\/div>\n\t\t<\/div><div class='yrm-btn-wrapper yrm-btn-wrapper-2 yrm-more-button-wrapper  '\n\t\tdata-custom-more-class-name='' data-custom-less-class-name=''><span title='' data-less-title='' data-more-title='' class='yrm-toggle-expand  yrm-toggle-expand-2 ' data-rel='yrm-pebIJ' data-more='Viac' data-less='Menej'><span class='yrm-text-wrapper yrm-text-wrapper-custom-dimensions'><span class=\"yrm-button-text-2 yrm-button-text-span\">Viac<\/span><\/span><\/span><\/div>\n","protected":false},"excerpt":{"rendered":"<p>(vyp\u013a\u0148a optika)<\/p>\n","protected":false},"author":1,"featured_media":0,"parent":0,"menu_order":0,"comment_status":"closed","ping_status":"closed","template":"","meta":{"_acf_changed":false,"footnotes":""},"class_list":["post-5863","page","type-page","status-publish","hentry"],"acf":[],"_links":{"self":[{"href":"https:\/\/iqprisma.pl\/sk\/wp-json\/wp\/v2\/pages\/5863","targetHints":{"allow":["GET"]}}],"collection":[{"href":"https:\/\/iqprisma.pl\/sk\/wp-json\/wp\/v2\/pages"}],"about":[{"href":"https:\/\/iqprisma.pl\/sk\/wp-json\/wp\/v2\/types\/page"}],"author":[{"embeddable":true,"href":"https:\/\/iqprisma.pl\/sk\/wp-json\/wp\/v2\/users\/1"}],"replies":[{"embeddable":true,"href":"https:\/\/iqprisma.pl\/sk\/wp-json\/wp\/v2\/comments?post=5863"}],"version-history":[{"count":0,"href":"https:\/\/iqprisma.pl\/sk\/wp-json\/wp\/v2\/pages\/5863\/revisions"}],"wp:attachment":[{"href":"https:\/\/iqprisma.pl\/sk\/wp-json\/wp\/v2\/media?parent=5863"}],"curies":[{"name":"wp","href":"https:\/\/api.w.org\/{rel}","templated":true}]}}