{"id":5843,"date":"2021-03-18T16:58:05","date_gmt":"2021-03-18T15:58:05","guid":{"rendered":"https:\/\/iqprisma.pl\/de\/?page_id=5843"},"modified":"2021-03-18T17:06:31","modified_gmt":"2021-03-18T16:06:31","slug":"beanstandungsformular","status":"publish","type":"page","link":"https:\/\/iqprisma.pl\/de\/beanstandungsformular\/","title":{"rendered":"Beanstandungsformular"},"content":{"rendered":"<style>\n@media (min-width: 880px) {\n.podform\n{\nmargin-top: -90px;margin-bottom: 40px;\n}\n}\n@media (max-width: 880px) {\n.podform\n{\nmargin-top: -30px; margin-bottom: 40px;\n}\n}\n.yrm-btn-wrapper {\n    text-align: left!important;\n}\n.yrm-cntent-2 {\nfont-size: 9px!important;\n    color: #f74646;\nline-height: 13px;\n}\n<\/style>\n<div class=\"podform\">(Dur den optischen Salon auszuf\u00fcllen)<\/div>\n\n<div class=\"wpcf7 no-js\" id=\"wpcf7-f5848-o1\" lang=\"pl-PL\" dir=\"ltr\" data-wpcf7-id=\"5848\">\n<div class=\"screen-reader-response\"><p role=\"status\" aria-live=\"polite\" aria-atomic=\"true\"><\/p> <ul><\/ul><\/div>\n<form action=\"\/de\/wp-json\/wp\/v2\/pages\/5843#wpcf7-f5848-o1\" method=\"post\" class=\"wpcf7-form init wpcf7-acceptance-as-validation\" aria-label=\"Formularz kontaktowy\" enctype=\"multipart\/form-data\" novalidate=\"novalidate\" data-status=\"init\">\n<fieldset class=\"hidden-fields-container\"><input type=\"hidden\" name=\"_wpcf7\" value=\"5848\" \/><input type=\"hidden\" name=\"_wpcf7_version\" value=\"6.1.5\" \/><input type=\"hidden\" name=\"_wpcf7_locale\" value=\"pl_PL\" \/><input type=\"hidden\" name=\"_wpcf7_unit_tag\" value=\"wpcf7-f5848-o1\" \/><input type=\"hidden\" name=\"_wpcf7_container_post\" value=\"0\" \/><input type=\"hidden\" name=\"_wpcf7_posted_data_hash\" value=\"\" \/><input type=\"hidden\" name=\"_wpcf7cf_hidden_group_fields\" value=\"[]\" \/><input type=\"hidden\" name=\"_wpcf7cf_hidden_groups\" value=\"[]\" \/><input type=\"hidden\" name=\"_wpcf7cf_visible_groups\" value=\"[]\" \/><input type=\"hidden\" name=\"_wpcf7cf_repeaters\" value=\"[]\" \/><input type=\"hidden\" name=\"_wpcf7cf_steps\" value=\"{}\" \/><input type=\"hidden\" name=\"_wpcf7cf_options\" value=\"{&quot;form_id&quot;:5848,&quot;conditions&quot;:[{&quot;then_field&quot;:&quot;group-223&quot;,&quot;and_rules&quot;:[{&quot;if_field&quot;:&quot;checkbox-45&quot;,&quot;operator&quot;:&quot;equals&quot;,&quot;if_value&quot;:&quot;Rechter Brillenb\\u00fcgel&quot;},{&quot;if_field&quot;:&quot;checkbox-139&quot;,&quot;operator&quot;:&quot;equals&quot;,&quot;if_value&quot;:&quot;Brillenb\\u00fcgel abgebrochen&quot;}]},{&quot;then_field&quot;:&quot;group-223&quot;,&quot;and_rules&quot;:[{&quot;if_field&quot;:&quot;checkbox-45&quot;,&quot;operator&quot;:&quot;equals&quot;,&quot;if_value&quot;:&quot;Linker Brillenb\\u00fcgel&quot;},{&quot;if_field&quot;:&quot;checkbox-139&quot;,&quot;operator&quot;:&quot;equals&quot;,&quot;if_value&quot;:&quot;Brillenb\\u00fcgel abgebrochen&quot;}]}],&quot;settings&quot;:{&quot;animation&quot;:&quot;yes&quot;,&quot;animation_intime&quot;:200,&quot;animation_outtime&quot;:200,&quot;conditions_ui&quot;:&quot;normal&quot;,&quot;notice_dismissed&quot;:false}}\" \/><input type=\"hidden\" name=\"_wpcf7_recaptcha_response\" value=\"\" \/>\n<\/fieldset>\n<div style=\"margin-bottom: 10px;\">\n\t<p><span class=\"wpcf7-form-control-wrap\" data-name=\"radio-612\"><span class=\"wpcf7-form-control wpcf7-radio\"><span class=\"wpcf7-list-item first\"><input type=\"radio\" name=\"radio-612\" value=\"Beanstandung\" checked=\"checked\" \/><span class=\"wpcf7-list-item-label\">Beanstandung<\/span><\/span><span class=\"wpcf7-list-item last\"><input type=\"radio\" name=\"radio-612\" value=\"Einlauf von Teilen\" \/><span class=\"wpcf7-list-item-label\">Einlauf von Teilen<\/span><\/span><\/span><\/span>\n\t<\/p>\n<\/div>\n<p><span class=\"wpcf7-form-control-wrap\" data-name=\"your-name\"><input size=\"40\" maxlength=\"400\" class=\"wpcf7-form-control wpcf7-text wpcf7-validates-as-required\" aria-required=\"true\" aria-invalid=\"false\" placeholder=\"Bezeichnung des optischen Salons (Pflichtfeld)\" value=\"\" type=\"text\" name=\"your-name\" \/><\/span><br \/>\n<span class=\"wpcf7-form-control-wrap\" data-name=\"text-688\"><input size=\"40\" maxlength=\"400\" class=\"wpcf7-form-control wpcf7-text wpcf7-validates-as-required\" aria-required=\"true\" aria-invalid=\"false\" placeholder=\"Versandadresse (Pflichtfeld)\" value=\"\" type=\"text\" name=\"text-688\" \/><\/span><br \/>\n<span class=\"wpcf7-form-control-wrap\" data-name=\"text-867\"><input size=\"40\" maxlength=\"400\" class=\"wpcf7-form-control wpcf7-text wpcf7-validates-as-required\" aria-required=\"true\" aria-invalid=\"false\" placeholder=\"Steuer-Identifikationsnummer Pflichtfeld)\" value=\"\" type=\"text\" name=\"text-867\" \/><\/span><br \/>\n<span class=\"wpcf7-form-control-wrap\" data-name=\"tel-580\"><input size=\"40\" maxlength=\"400\" class=\"wpcf7-form-control wpcf7-tel wpcf7-validates-as-required wpcf7-text wpcf7-validates-as-tel\" aria-required=\"true\" aria-invalid=\"false\" placeholder=\"Tel. (Pflichtfeld)\" value=\"\" type=\"tel\" name=\"tel-580\" \/><\/span><br \/>\n<span class=\"wpcf7-form-control-wrap\" data-name=\"your-email\"><input size=\"40\" maxlength=\"400\" class=\"wpcf7-form-control wpcf7-email wpcf7-validates-as-required wpcf7-text wpcf7-validates-as-email\" aria-required=\"true\" aria-invalid=\"false\" placeholder=\"E-mail: (Pflichtfeld)\" value=\"\" type=\"email\" name=\"your-email\" \/><\/span><br \/>\n<span class=\"wpcf7-form-control-wrap\" data-name=\"text-656\"><input size=\"40\" maxlength=\"400\" class=\"wpcf7-form-control wpcf7-text wpcf7-validates-as-required\" aria-required=\"true\" aria-invalid=\"false\" placeholder=\"Nummer des Modells (Pflichtfeld)\" value=\"\" type=\"text\" name=\"text-656\" \/><\/span><br \/>\n<span class=\"wpcf7-form-control-wrap\" data-name=\"text-147\"><input size=\"40\" maxlength=\"400\" class=\"wpcf7-form-control wpcf7-text wpcf7-validates-as-required\" aria-required=\"true\" aria-invalid=\"false\" placeholder=\"Farbe des Modells (Pflichtfeld)\" value=\"\" type=\"text\" name=\"text-147\" \/><\/span>\n<\/p>\n<p>Beanstandeter Teil: (Pflichtfeld)\n<\/p>\n<div style=\"margin-top: 20px;\">\n\t<p><span class=\"wpcf7-form-control-wrap\" data-name=\"checkbox-45\"><span class=\"wpcf7-form-control wpcf7-checkbox wpcf7-validates-as-required wpcf7-exclusive-checkbox\"><span class=\"wpcf7-list-item first\"><input type=\"checkbox\" name=\"checkbox-45\" value=\"Brillenfront\" \/><span class=\"wpcf7-list-item-label\">Brillenfront<\/span><\/span><span class=\"wpcf7-list-item\"><input type=\"checkbox\" name=\"checkbox-45\" value=\"Rechter Brillenb\u00fcgel\" \/><span class=\"wpcf7-list-item-label\">Rechter Brillenb\u00fcgel<\/span><\/span><span class=\"wpcf7-list-item\"><input type=\"checkbox\" name=\"checkbox-45\" value=\"Linker Brillenb\u00fcgel\" \/><span class=\"wpcf7-list-item-label\">Linker Brillenb\u00fcgel<\/span><\/span><span class=\"wpcf7-list-item\"><input type=\"checkbox\" name=\"checkbox-45\" value=\"beide Brillenb\u00fcgel\" \/><span class=\"wpcf7-list-item-label\">beide Brillenb\u00fcgel<\/span><\/span><span class=\"wpcf7-list-item\"><input type=\"checkbox\" name=\"checkbox-45\" value=\"Flex\" \/><span class=\"wpcf7-list-item-label\">Flex<\/span><\/span><span class=\"wpcf7-list-item\"><input type=\"checkbox\" name=\"checkbox-45\" value=\"Zierelement\" \/><span class=\"wpcf7-list-item-label\">Zierelement<\/span><\/span><span class=\"wpcf7-list-item\"><input type=\"checkbox\" name=\"checkbox-45\" value=\"Linse\" \/><span class=\"wpcf7-list-item-label\">Linse<\/span><\/span><span class=\"wpcf7-list-item\"><input type=\"checkbox\" name=\"checkbox-45\" value=\"Gesamt\" \/><span class=\"wpcf7-list-item-label\">Gesamt<\/span><\/span><span class=\"wpcf7-list-item last\"><input type=\"checkbox\" name=\"checkbox-45\" value=\"Sonstiges\" \/><span class=\"wpcf7-list-item-label\">Sonstiges<\/span><\/span><\/span><\/span>\n\t<\/p>\n<\/div>\n<div style=\"margin-top: 20px;\">\n\t<p>Beanstandungsgrund: (Pflichtfeld)\n\t<\/p>\n<\/div>\n<div style=\"margin-bottom: 20px; margin-top: 20px;\">\n\t<p><span class=\"wpcf7-form-control-wrap\" data-name=\"checkbox-139\"><span class=\"wpcf7-form-control wpcf7-checkbox wpcf7-validates-as-required wpcf7-exclusive-checkbox\"><span class=\"wpcf7-list-item first\"><input type=\"checkbox\" name=\"checkbox-139\" value=\"Brillenb\u00fcgel abgebrochen\" \/><span class=\"wpcf7-list-item-label\">Brillenb\u00fcgel abgebrochen<\/span><\/span><span class=\"wpcf7-list-item\"><input type=\"checkbox\" name=\"checkbox-139\" value=\"Absplitterung\" \/><span class=\"wpcf7-list-item-label\">Absplitterung<\/span><\/span><span class=\"wpcf7-list-item\"><input type=\"checkbox\" name=\"checkbox-139\" value=\"L\u00f6tung gel\u00f6st\" \/><span class=\"wpcf7-list-item-label\">L\u00f6tung gel\u00f6st<\/span><\/span><span class=\"wpcf7-list-item\"><input type=\"checkbox\" name=\"checkbox-139\" value=\"Bruch\" \/><span class=\"wpcf7-list-item-label\">Bruch<\/span><\/span><span class=\"wpcf7-list-item\"><input type=\"checkbox\" name=\"checkbox-139\" value=\"Verlust der Farbe\" \/><span class=\"wpcf7-list-item-label\">Verlust der Farbe<\/span><\/span><span class=\"wpcf7-list-item\"><input type=\"checkbox\" name=\"checkbox-139\" value=\"Risse\" \/><span class=\"wpcf7-list-item-label\">Risse<\/span><\/span><span class=\"wpcf7-list-item\"><input type=\"checkbox\" name=\"checkbox-139\" value=\"Krumm\" \/><span class=\"wpcf7-list-item-label\">Krumm<\/span><\/span><span class=\"wpcf7-list-item\"><input type=\"checkbox\" name=\"checkbox-139\" value=\"Gewinde besch\u00e4digt\" \/><span class=\"wpcf7-list-item-label\">Gewinde besch\u00e4digt<\/span><\/span><span class=\"wpcf7-list-item last\"><input type=\"checkbox\" name=\"checkbox-139\" value=\"Anmerkungen\" \/><span class=\"wpcf7-list-item-label\">Anmerkungen<\/span><\/span><\/span><\/span>\n\t<\/p>\n\t<div data-id=\"group-223\" data-orig_data_id=\"group-223\"  class=\"\" data-class=\"wpcf7cf_group\">\n\t\t<div style=\"margin-bottom: 10px; margin-top: 10px; font-weight: bold;\">\n\t\t\t<p>Ist der Flex-Austausch ausreichend\n\t\t\t<\/p>\n\t\t<\/div>\n\t\t<p><span class=\"wpcf7-form-control-wrap\" data-name=\"radio-510\"><span class=\"wpcf7-form-control wpcf7-radio\"><span class=\"wpcf7-list-item first\"><input type=\"radio\" name=\"radio-510\" value=\"Ja\" checked=\"checked\" \/><span class=\"wpcf7-list-item-label\">Ja<\/span><\/span><span class=\"wpcf7-list-item last\"><input type=\"radio\" name=\"radio-510\" value=\"Nein\" \/><span class=\"wpcf7-list-item-label\">Nein<\/span><\/span><\/span><\/span>\n\t\t<\/p>\n\t<\/div>\n\t<div style=\"margin-bottom: 10px; margin-top: 10px;\">\n\t\t<p>Foto beilegen (Pflichtfeld)\n\t\t<\/p>\n\t<\/div>\n\t<p><span class=\"wpcf7-form-control-wrap\" data-name=\"file-387\"><input size=\"40\" class=\"wpcf7-form-control wpcf7-file wpcf7-validates-as-required\" accept=\"audio\/*,video\/*,image\/*\" aria-required=\"true\" aria-invalid=\"false\" type=\"file\" name=\"file-387\" \/><\/span>\n\t<\/p>\n\t<p><span id=\"wpcf7-69e22ccfd1a19-wrapper\" class=\"wpcf7-form-control-wrap honeypot-226-wrap\" style=\"display:none !important; visibility:hidden !important;\"><label for=\"wpcf7-69e22ccfd1a19-field\" class=\"hp-message\">Please leave this field empty.<\/label><input id=\"wpcf7-69e22ccfd1a19-field\"  class=\"wpcf7-form-control wpcf7-text\" type=\"text\" name=\"honeypot-226\" value=\"\" size=\"40\" tabindex=\"-1\" autocomplete=\"new-password\" \/><\/span>\n\t<\/p>\n\t<div style=\"margin-top: 20px;\">\n\t\t<p><span class=\"wpcf7-form-control-wrap\" data-name=\"your-message\"><textarea cols=\"40\" rows=\"10\" maxlength=\"2000\" class=\"wpcf7-form-control wpcf7-textarea\" aria-invalid=\"false\" placeholder=\"Anmerkungen\" name=\"your-message\"><\/textarea><\/span>\n\t\t<\/p>\n\t<\/div>\n\t<p><span class=\"wpcf7-form-control-wrap\" data-name=\"acceptance-1\"><span class=\"wpcf7-form-control wpcf7-acceptance\"><span class=\"wpcf7-list-item\"><input type=\"checkbox\" name=\"acceptance-1\" value=\"1\" aria-invalid=\"false\" \/><\/span><\/span><\/span><em>Hiermit willige ich ein in die Verarbeitung meiner personenbezogenen Daten gem\u00e4\u00df der Datenschutz-Grundverordnung vom 27.04.2016 sowie gem\u00e4\u00df dem Gesetz vom 18.07.2002 \u00fcber die Erbringung von Dienstleistungen im elektronischen Gesch\u00e4ftsverkehr (Gesetzblatt Nr. 144, Pos. 1204 mit sp\u00e4teren \u00c4nderungen) durch die Firma IQ Prisma sp. z o.o. mit Sitz in der Turawska 14A, 46-022 Zawada in dem f\u00fcr die Vorbereitung und Weiterleitung der \u00fcber das obere Beanstandungsformular an den Datenschutzbeauftragten gesendeten Beanstandungsanmeldung erforderlichen Bereich.<br \/>\n<\/em>\n\t<\/p>\n\t<div style=\"margin-bottom: 20px;\">\n\t\t<p><input class=\"wpcf7-form-control wpcf7-submit has-spinner\" type=\"submit\" value=\"Senden\" \/>\n\t\t<\/p>\n\t<\/div>\n<\/div><p style=\"display: none !important;\" class=\"akismet-fields-container\" data-prefix=\"_wpcf7_ak_\"><label>&#916;<textarea name=\"_wpcf7_ak_hp_textarea\" cols=\"45\" rows=\"8\" maxlength=\"100\"><\/textarea><\/label><input type=\"hidden\" id=\"ak_js_1\" name=\"_wpcf7_ak_js\" value=\"109\"\/><script>document.getElementById( \"ak_js_1\" ).setAttribute( \"value\", ( new Date() ).getTime() );<\/script><\/p><input type=\"text\" name=\"PJoxm\" value=\"\" style=\"display: none !important;\" \/><div class=\"wpcf7-response-output\" aria-hidden=\"true\"><\/div>\n<\/form>\n<\/div>\n\n<div class='yrm-content yrm-content-2 yrm-content-hide  ' id='yrm-dn8Wi' data-id='2' data-show-status='false' data-after-action='' style=\"visibility: hidden;height: 0;\">\n\t\t\t<div id='yrm-inner-content-yrm-dn8Wi' class='yrm-inner-content-wrapper yrm-cntent-2'>Wir m\u00f6chten informieren, dass der Datenschutzbeauftragte Ihrer personenbezogenen Daten die Firma IQ Prisma sp. z o.o. mit Sitz in der Rodziewicz\u00f3wny-str. 4, 45-348 Opole (Landesgerichtsregister: KRS 0000465835, Steuer-Identifikationsnummer: 7543073277, Gewerbeidentifikationsnummer: 161535696) ist. Dar\u00fcber hinaus informieren wir, dass Ihre personenbezogenen Daten durch die Firma IQ Prisma Sp. z o.o. zur Beantwortung der \u00fcber das Kontaktformular eingereichten Anfrage anhand der von Ihnen erteilten Zustimmung (d.h. Art. 6 Abs. 1 Buchstabe 1 Datenschutz-Grundverordnung) verarbeitet werden.  Ihre personenbezogenen Daten werden bis zur Beantwortung Ihrer Frage verarbeitet. Ihnen steht das Recht auf den Zugang zu Ihren personenbezogenen Daten, auf ihre Berichtigung, L\u00f6schung oder auf die Einschr\u00e4nkung ihrer Verarbeitung sowie das Recht auf Einlegen eines Widerspruchs gegen die Verarbeitung Ihrer personenbezogenen Daten und ihre \u00dcbertragung zu. Ferner haben Sie auch Recht, die durch Sie erteilte Zustimmung jederzeit zur\u00fcckzunehmen. Dies hat keinen Einfluss auf die Rechtsm\u00e4\u00dfigkeit der Datenverarbeitung, die anhand der durch Sie erteilten Zustimmung vor ihrem Zur\u00fcckziehen erfolgte.\u00a0Zus\u00e4tzlich steht Ihnen auch Recht zu, bei dem Aufsichtsorgan des Pr\u00e4sidenten des Amtes f\u00fcr Datenschutz eine Klage einzulegen. Die Angabe Ihrer personenbezogenen Daten ist freiwillig, wobei erforderlich f\u00fcr die Beantwortung Ihrer Anfrage. Ihre personenbezogenen Daten werden nicht automatisiert verarbeitet.<br \/>\n<\/div>\n\t\t<\/div><div class='yrm-btn-wrapper yrm-btn-wrapper-2 yrm-more-button-wrapper  '\n\t\tdata-custom-more-class-name='' data-custom-less-class-name=''><span title='' data-less-title='' data-more-title='' class='yrm-toggle-expand  yrm-toggle-expand-2 ' data-rel='yrm-dn8Wi' data-more='Mehr' data-less='Ausblenden'><span class='yrm-text-wrapper yrm-text-wrapper-custom-dimensions'><span class=\"yrm-button-text-2 yrm-button-text-span\">Mehr<\/span><\/span><\/span><\/div>\n","protected":false},"excerpt":{"rendered":"<p>(Dur den optischen Salon auszuf\u00fcllen)<\/p>\n","protected":false},"author":1,"featured_media":0,"parent":0,"menu_order":0,"comment_status":"closed","ping_status":"closed","template":"","meta":{"_acf_changed":false,"footnotes":""},"class_list":["post-5843","page","type-page","status-publish","hentry"],"acf":[],"_links":{"self":[{"href":"https:\/\/iqprisma.pl\/de\/wp-json\/wp\/v2\/pages\/5843","targetHints":{"allow":["GET"]}}],"collection":[{"href":"https:\/\/iqprisma.pl\/de\/wp-json\/wp\/v2\/pages"}],"about":[{"href":"https:\/\/iqprisma.pl\/de\/wp-json\/wp\/v2\/types\/page"}],"author":[{"embeddable":true,"href":"https:\/\/iqprisma.pl\/de\/wp-json\/wp\/v2\/users\/1"}],"replies":[{"embeddable":true,"href":"https:\/\/iqprisma.pl\/de\/wp-json\/wp\/v2\/comments?post=5843"}],"version-history":[{"count":0,"href":"https:\/\/iqprisma.pl\/de\/wp-json\/wp\/v2\/pages\/5843\/revisions"}],"wp:attachment":[{"href":"https:\/\/iqprisma.pl\/de\/wp-json\/wp\/v2\/media?parent=5843"}],"curies":[{"name":"wp","href":"https:\/\/api.w.org\/{rel}","templated":true}]}}