{"id":5858,"date":"2021-03-18T19:47:03","date_gmt":"2021-03-18T18:47:03","guid":{"rendered":"https:\/\/iqprisma.pl\/cs\/?page_id=5858"},"modified":"2021-03-18T19:48:08","modified_gmt":"2021-03-18T18:48:08","slug":"reklamacni-formular","status":"publish","type":"page","link":"https:\/\/iqprisma.pl\/cs\/reklamacni-formular\/","title":{"rendered":"Reklama\u010dn\u00ed formul\u00e1\u0159"},"content":{"rendered":"<style>\n@media (min-width: 880px) {\n.podform\n{\nmargin-top: -90px;margin-bottom: 40px;\n}\n}\n@media (max-width: 880px) {\n.podform\n{\nmargin-top: -30px; margin-bottom: 40px;\n}\n}\n.yrm-btn-wrapper {\n    text-align: left!important;\n}\n.yrm-cntent-2 {\nfont-size: 9px!important;\n    color: #f74646;\nline-height: 13px;\n}\n<\/style>\n<div class=\"podform\">(vypl\u0148uje optika)<\/div>\n\n<div class=\"wpcf7 no-js\" id=\"wpcf7-f5857-o1\" lang=\"pl-PL\" dir=\"ltr\" data-wpcf7-id=\"5857\">\n<div class=\"screen-reader-response\"><p role=\"status\" aria-live=\"polite\" aria-atomic=\"true\"><\/p> <ul><\/ul><\/div>\n<form action=\"\/cs\/wp-json\/wp\/v2\/pages\/5858#wpcf7-f5857-o1\" method=\"post\" class=\"wpcf7-form init wpcf7-acceptance-as-validation\" aria-label=\"Formularz kontaktowy\" enctype=\"multipart\/form-data\" novalidate=\"novalidate\" data-status=\"init\">\n<fieldset class=\"hidden-fields-container\"><input type=\"hidden\" name=\"_wpcf7\" value=\"5857\" \/><input type=\"hidden\" name=\"_wpcf7_version\" value=\"6.1.5\" \/><input type=\"hidden\" name=\"_wpcf7_locale\" value=\"pl_PL\" \/><input type=\"hidden\" name=\"_wpcf7_unit_tag\" value=\"wpcf7-f5857-o1\" \/><input type=\"hidden\" name=\"_wpcf7_container_post\" value=\"0\" \/><input type=\"hidden\" name=\"_wpcf7_posted_data_hash\" value=\"\" \/><input type=\"hidden\" name=\"_wpcf7cf_hidden_group_fields\" value=\"[]\" \/><input type=\"hidden\" name=\"_wpcf7cf_hidden_groups\" value=\"[]\" \/><input type=\"hidden\" name=\"_wpcf7cf_visible_groups\" value=\"[]\" \/><input type=\"hidden\" name=\"_wpcf7cf_repeaters\" value=\"[]\" \/><input type=\"hidden\" name=\"_wpcf7cf_steps\" value=\"{}\" \/><input type=\"hidden\" name=\"_wpcf7cf_options\" value=\"{&quot;form_id&quot;:5857,&quot;conditions&quot;:[{&quot;then_field&quot;:&quot;group-223&quot;,&quot;and_rules&quot;:[{&quot;if_field&quot;:&quot;checkbox-45&quot;,&quot;operator&quot;:&quot;equals&quot;,&quot;if_value&quot;:&quot;prav\\u00e1 stranice&quot;},{&quot;if_field&quot;:&quot;checkbox-139&quot;,&quot;operator&quot;:&quot;equals&quot;,&quot;if_value&quot;:&quot;zlomen\\u00e1 stranice&quot;}]},{&quot;then_field&quot;:&quot;group-223&quot;,&quot;and_rules&quot;:[{&quot;if_field&quot;:&quot;checkbox-45&quot;,&quot;operator&quot;:&quot;equals&quot;,&quot;if_value&quot;:&quot;lev\\u00e1 stranice&quot;},{&quot;if_field&quot;:&quot;checkbox-139&quot;,&quot;operator&quot;:&quot;equals&quot;,&quot;if_value&quot;:&quot;zlomen\\u00e1 stranice&quot;}]}],&quot;settings&quot;:{&quot;animation&quot;:&quot;yes&quot;,&quot;animation_intime&quot;:200,&quot;animation_outtime&quot;:200,&quot;conditions_ui&quot;:&quot;normal&quot;,&quot;notice_dismissed&quot;:false}}\" \/><input type=\"hidden\" name=\"_wpcf7_recaptcha_response\" value=\"\" \/>\n<\/fieldset>\n<div style=\"margin-bottom: 10px;\">\n\t<p><span class=\"wpcf7-form-control-wrap\" data-name=\"radio-612\"><span class=\"wpcf7-form-control wpcf7-radio\"><span class=\"wpcf7-list-item first\"><input type=\"radio\" name=\"radio-612\" value=\"Reklama\u010dn\u00ed\" checked=\"checked\" \/><span class=\"wpcf7-list-item-label\">Reklama\u010dn\u00ed<\/span><\/span><span class=\"wpcf7-list-item last\"><input type=\"radio\" name=\"radio-612\" value=\"N\u00e1kup d\u00edl\u016f\" \/><span class=\"wpcf7-list-item-label\">N\u00e1kup d\u00edl\u016f<\/span><\/span><\/span><\/span>\n\t<\/p>\n<\/div>\n<p><span class=\"wpcf7-form-control-wrap\" data-name=\"your-name\"><input size=\"40\" maxlength=\"400\" class=\"wpcf7-form-control wpcf7-text wpcf7-validates-as-required\" aria-required=\"true\" aria-invalid=\"false\" placeholder=\"N\u00e1zev optiky (Vy\u017eadov\u00e1no)\" value=\"\" type=\"text\" name=\"your-name\" \/><\/span><br \/>\n<span class=\"wpcf7-form-control-wrap\" data-name=\"text-688\"><input size=\"40\" maxlength=\"400\" class=\"wpcf7-form-control wpcf7-text wpcf7-validates-as-required\" aria-required=\"true\" aria-invalid=\"false\" placeholder=\"Dodac\u00ed adresa (Vy\u017eadov\u00e1no)\" value=\"\" type=\"text\" name=\"text-688\" \/><\/span><br \/>\n<span class=\"wpcf7-form-control-wrap\" data-name=\"text-867\"><input size=\"40\" maxlength=\"400\" class=\"wpcf7-form-control wpcf7-text wpcf7-validates-as-required\" aria-required=\"true\" aria-invalid=\"false\" placeholder=\"DI\u010c (Vy\u017eadov\u00e1no)\" value=\"\" type=\"text\" name=\"text-867\" \/><\/span><br \/>\n<span class=\"wpcf7-form-control-wrap\" data-name=\"tel-580\"><input size=\"40\" maxlength=\"400\" class=\"wpcf7-form-control wpcf7-tel wpcf7-validates-as-required wpcf7-text wpcf7-validates-as-tel\" aria-required=\"true\" aria-invalid=\"false\" placeholder=\"Tel. (Vy\u017eadov\u00e1no)\" value=\"\" type=\"tel\" name=\"tel-580\" \/><\/span><br \/>\n<span class=\"wpcf7-form-control-wrap\" data-name=\"your-email\"><input size=\"40\" maxlength=\"400\" class=\"wpcf7-form-control wpcf7-email wpcf7-validates-as-required wpcf7-text wpcf7-validates-as-email\" aria-required=\"true\" aria-invalid=\"false\" placeholder=\"E-mail: (Vy\u017eadov\u00e1no)\" value=\"\" type=\"email\" name=\"your-email\" \/><\/span><br \/>\n<span class=\"wpcf7-form-control-wrap\" data-name=\"text-656\"><input size=\"40\" maxlength=\"400\" class=\"wpcf7-form-control wpcf7-text wpcf7-validates-as-required\" aria-required=\"true\" aria-invalid=\"false\" placeholder=\"\u010c\u00edslo modelu (Vy\u017eadov\u00e1no)\" value=\"\" type=\"text\" name=\"text-656\" \/><\/span><br \/>\n<span class=\"wpcf7-form-control-wrap\" data-name=\"text-820\"><input size=\"40\" maxlength=\"400\" class=\"wpcf7-form-control wpcf7-text wpcf7-validates-as-required\" aria-required=\"true\" aria-invalid=\"false\" placeholder=\"Barva modelu (Vy\u017eadov\u00e1no)\" value=\"\" type=\"text\" name=\"text-820\" \/><\/span>\n<\/p>\n<p>Reklamovan\u00e1 \u010d\u00e1st: (Vy\u017eadov\u00e1no)\n<\/p>\n<div style=\"margin-top: 20px;\">\n\t<p><span class=\"wpcf7-form-control-wrap\" data-name=\"checkbox-45\"><span class=\"wpcf7-form-control wpcf7-checkbox wpcf7-validates-as-required wpcf7-exclusive-checkbox\"><span class=\"wpcf7-list-item first\"><input type=\"checkbox\" name=\"checkbox-45\" value=\"P\u0159edn\u00ed \u010d\u00e1st\" \/><span class=\"wpcf7-list-item-label\">P\u0159edn\u00ed \u010d\u00e1st<\/span><\/span><span class=\"wpcf7-list-item\"><input type=\"checkbox\" name=\"checkbox-45\" value=\"Prav\u00e1 stranice\" \/><span class=\"wpcf7-list-item-label\">Prav\u00e1 stranice<\/span><\/span><span class=\"wpcf7-list-item\"><input type=\"checkbox\" name=\"checkbox-45\" value=\"Lev\u00e1 stranice\" \/><span class=\"wpcf7-list-item-label\">Lev\u00e1 stranice<\/span><\/span><span class=\"wpcf7-list-item\"><input type=\"checkbox\" name=\"checkbox-45\" value=\"Oba stranice\" \/><span class=\"wpcf7-list-item-label\">Oba stranice<\/span><\/span><span class=\"wpcf7-list-item\"><input type=\"checkbox\" name=\"checkbox-45\" value=\"Flex\" \/><span class=\"wpcf7-list-item-label\">Flex<\/span><\/span><span class=\"wpcf7-list-item\"><input type=\"checkbox\" name=\"checkbox-45\" value=\"Dekorativn\u00ed prvek\" \/><span class=\"wpcf7-list-item-label\">Dekorativn\u00ed prvek<\/span><\/span><span class=\"wpcf7-list-item\"><input type=\"checkbox\" name=\"checkbox-45\" value=\"\u010co\u010dka\" \/><span class=\"wpcf7-list-item-label\">\u010co\u010dka<\/span><\/span><span class=\"wpcf7-list-item\"><input type=\"checkbox\" name=\"checkbox-45\" value=\"Celek\" \/><span class=\"wpcf7-list-item-label\">Celek<\/span><\/span><span class=\"wpcf7-list-item last\"><input type=\"checkbox\" name=\"checkbox-45\" value=\"Jin\u00e9\" \/><span class=\"wpcf7-list-item-label\">Jin\u00e9<\/span><\/span><\/span><\/span>\n\t<\/p>\n<\/div>\n<div style=\"margin-top: 20px;\">\n\t<p>D\u016fvod k reklamaci: (Vy\u017eadov\u00e1no)\n\t<\/p>\n<\/div>\n<div style=\"margin-bottom: 20px; margin-top: 20px;\">\n\t<p><span class=\"wpcf7-form-control-wrap\" data-name=\"checkbox-139\"><span class=\"wpcf7-form-control wpcf7-checkbox wpcf7-validates-as-required wpcf7-exclusive-checkbox\"><span class=\"wpcf7-list-item first\"><input type=\"checkbox\" name=\"checkbox-139\" value=\"Zlomen\u00e1 stranice\" \/><span class=\"wpcf7-list-item-label\">Zlomen\u00e1 stranice<\/span><\/span><span class=\"wpcf7-list-item\"><input type=\"checkbox\" name=\"checkbox-139\" value=\"Od\u0161t\u011bpen\u00ed\" \/><span class=\"wpcf7-list-item-label\">Od\u0161t\u011bpen\u00ed<\/span><\/span><span class=\"wpcf7-list-item\"><input type=\"checkbox\" name=\"checkbox-139\" value=\"Odp\u00e1jen\u00ed\" \/><span class=\"wpcf7-list-item-label\">Odp\u00e1jen\u00ed<\/span><\/span><span class=\"wpcf7-list-item\"><input type=\"checkbox\" name=\"checkbox-139\" value=\"Prasknut\u00ed\" \/><span class=\"wpcf7-list-item-label\">Prasknut\u00ed<\/span><\/span><span class=\"wpcf7-list-item\"><input type=\"checkbox\" name=\"checkbox-139\" value=\"Ztr\u00e1ta barvy\" \/><span class=\"wpcf7-list-item-label\">Ztr\u00e1ta barvy<\/span><\/span><span class=\"wpcf7-list-item\"><input type=\"checkbox\" name=\"checkbox-139\" value=\"\u0160kr\u00e1banec\" \/><span class=\"wpcf7-list-item-label\">\u0160kr\u00e1banec<\/span><\/span><span class=\"wpcf7-list-item\"><input type=\"checkbox\" name=\"checkbox-139\" value=\"Zak\u0159iven\u00ed\" \/><span class=\"wpcf7-list-item-label\">Zak\u0159iven\u00ed<\/span><\/span><span class=\"wpcf7-list-item\"><input type=\"checkbox\" name=\"checkbox-139\" value=\"Po\u0161kozen\u00fd z\u00e1vit\" \/><span class=\"wpcf7-list-item-label\">Po\u0161kozen\u00fd z\u00e1vit<\/span><\/span><span class=\"wpcf7-list-item last\"><input type=\"checkbox\" name=\"checkbox-139\" value=\"Jin\u00e9\" \/><span class=\"wpcf7-list-item-label\">Jin\u00e9<\/span><\/span><\/span><\/span>\n\t<\/p>\n\t<div data-id=\"group-223\" data-orig_data_id=\"group-223\"  class=\"\" data-class=\"wpcf7cf_group\">\n\t\t<div style=\"margin-bottom: 10px; margin-top: 10px; font-weight: bold;\">\n\t\t\t<p>Sta\u010d\u00ed v\u00fdm\u011bna flexu\n\t\t\t<\/p>\n\t\t<\/div>\n\t\t<p><span class=\"wpcf7-form-control-wrap\" data-name=\"radio-510\"><span class=\"wpcf7-form-control wpcf7-radio\"><span class=\"wpcf7-list-item first\"><input type=\"radio\" name=\"radio-510\" value=\"Ano\" checked=\"checked\" \/><span class=\"wpcf7-list-item-label\">Ano<\/span><\/span><span class=\"wpcf7-list-item last\"><input type=\"radio\" name=\"radio-510\" value=\"Ne\" \/><span class=\"wpcf7-list-item-label\">Ne<\/span><\/span><\/span><\/span>\n\t\t<\/p>\n\t<\/div>\n\t<div style=\"margin-bottom: 10px; margin-top: 10px;\">\n\t\t<p>P\u0159ilo\u017eit fotografii vady (Vy\u017eadov\u00e1no)\n\t\t<\/p>\n\t<\/div>\n\t<p><span class=\"wpcf7-form-control-wrap\" data-name=\"file-387\"><input size=\"40\" class=\"wpcf7-form-control wpcf7-file wpcf7-validates-as-required\" accept=\"audio\/*,video\/*,image\/*\" aria-required=\"true\" aria-invalid=\"false\" type=\"file\" name=\"file-387\" \/><\/span>\n\t<\/p>\n\t<p><span id=\"wpcf7-69e1f608a139e-wrapper\" class=\"wpcf7-form-control-wrap honeypot-226-wrap\" style=\"display:none !important; visibility:hidden !important;\"><label for=\"wpcf7-69e1f608a139e-field\" class=\"hp-message\">Please leave this field empty.<\/label><input id=\"wpcf7-69e1f608a139e-field\"  class=\"wpcf7-form-control wpcf7-text\" type=\"text\" name=\"honeypot-226\" value=\"\" size=\"40\" tabindex=\"-1\" autocomplete=\"new-password\" \/><\/span>\n\t<\/p>\n\t<div style=\"margin-top: 20px;\">\n\t\t<p><span class=\"wpcf7-form-control-wrap\" data-name=\"your-message\"><textarea cols=\"40\" rows=\"10\" maxlength=\"2000\" class=\"wpcf7-form-control wpcf7-textarea\" aria-invalid=\"false\" placeholder=\"Pozn\u00e1mky\" name=\"your-message\"><\/textarea><\/span>\n\t\t<\/p>\n\t<\/div>\n\t<p><span class=\"wpcf7-form-control-wrap\" data-name=\"acceptance-1\"><span class=\"wpcf7-form-control wpcf7-acceptance\"><span class=\"wpcf7-list-item\"><input type=\"checkbox\" name=\"acceptance-1\" value=\"1\" aria-invalid=\"false\" \/><\/span><\/span><\/span><em>Souhlas\u00edm se zpracov\u00e1n\u00edm m\u00fdch osobn\u00edch \u00fadaj\u016f v souladu se V\u0161eobecn\u00fdm na\u0159\u00edzen\u00edm o ochran\u011b osobn\u00edch \u00fadaj\u016f ze dne 27. dubna 2016 a v souladu se z\u00e1konem ze dne 18. \u010dervence 2002 o poskytov\u00e1n\u00ed elektronick\u00fdch slu\u017eeb (Sb\u00edrka z\u00e1kon\u016f \u010d. 144, polo\u017eka 1204 ve zn\u011bn\u00ed pozd\u011bj\u0161\u00edch p\u0159edpis\u016f) spole\u010dnost\u00ed IQ Prisma Sp. z o. o. se s\u00eddlem na ul. Turawska 14A, 46-022 Zawada, Polsko Za \u00fa\u010delem a v rozsahu nezbytn\u00fdm pro p\u0159\u00edpravu a p\u0159edlo\u017een\u00ed reklamace, zaslan\u00e9 Administr\u00e1torovi pomoc\u00ed v\u00fd\u0161e uveden\u00e9ho reklama\u010dn\u00edho formul\u00e1\u0159e.<br \/>\n<\/em>\n\t<\/p>\n\t<div style=\"margin-bottom: 20px;\">\n\t\t<p><input class=\"wpcf7-form-control wpcf7-submit has-spinner\" type=\"submit\" value=\"odeslat\" \/>\n\t\t<\/p>\n\t<\/div>\n<\/div><p style=\"display: none !important;\" class=\"akismet-fields-container\" data-prefix=\"_wpcf7_ak_\"><label>&#916;<textarea name=\"_wpcf7_ak_hp_textarea\" cols=\"45\" rows=\"8\" maxlength=\"100\"><\/textarea><\/label><input type=\"hidden\" id=\"ak_js_1\" name=\"_wpcf7_ak_js\" value=\"75\"\/><script>document.getElementById( \"ak_js_1\" ).setAttribute( \"value\", ( new Date() ).getTime() );<\/script><\/p><input type=\"text\" name=\"PJoxm\" value=\"\" style=\"display: none !important;\" \/><div class=\"wpcf7-response-output\" aria-hidden=\"true\"><\/div>\n<\/form>\n<\/div>\n\n<div class='yrm-content yrm-content-2 yrm-content-hide  ' id='yrm-JWjbP' data-id='2' data-show-status='false' data-after-action='' style=\"visibility: hidden;height: 0;\">\n\t\t\t<div id='yrm-inner-content-yrm-JWjbP' class='yrm-inner-content-wrapper yrm-cntent-2'>Oznamujeme v\u00e1m, \u017ee spr\u00e1vcem v\u00e1mi poskytnut\u00fdch osobn\u00edch \u00fadaj\u016f je IQ Prisma Sp. z o.o. se s\u00eddlem na ul. Rodziewicz\u00f3wny 4, 45-348 Opole, Polsko (\u010d\u00edslo v OR Polsk\u00e9 republiky 0000465835, DI\u010c PL7543073277, I\u010cO 161535696). D\u00e1le bychom v\u00e1s cht\u011bli informovat, \u017ee Va\u0161e osobn\u00ed \u00fadaje budou zpracov\u00e1ny spole\u010dnost\u00ed IQ Prisma Sp. z o.o., za \u00fa\u010delem p\u0159\u00edpravy odpov\u011bdi na danou ot\u00e1zku prost\u0159ednictv\u00edm reklama\u010dn\u00edho formul\u00e1\u0159e na z\u00e1klad\u011b va\u0161eho souhlasu (podle \u010dl\u00e1nku 6 odst. 1 p\u00edsm. a) obecn\u00e9ho na\u0159\u00edzen\u00ed o ochran\u011b \u00fadaj\u016f). Va\u0161e osobn\u00ed \u00fadaje budou zpracov\u00e1v\u00e1ny, dokud nebude poskytnuta odpov\u011b\u010f. M\u00e1te pr\u00e1vo po\u017eadovat p\u0159\u00edstup k osobn\u00edm \u00fadaj\u016fm, kter\u00e9 se t\u00fdkaj\u00ed va\u0161\u00ed osoby, opravu, vymaz\u00e1n\u00ed nebo omezen\u00ed zpracov\u00e1n\u00ed t\u011bchto \u00fadaj\u016f a pr\u00e1vo nam\u00edtat proti zpracov\u00e1n\u00ed, stejn\u011b m\u00e1te pr\u00e1vo i na p\u0159enos dat. Krom\u011b toho m\u00e1te pr\u00e1vo sv\u016fj souhlas kdykoliv odvolat. V\u00fd\u0161e uveden\u00e9 nem\u00e1 vliv na z\u00e1konnost zpracov\u00e1n\u00ed, kter\u00e9 bylo provedeno na z\u00e1klad\u011b va\u0161eho souhlasu p\u0159ed jeho odvol\u00e1n\u00edm. D\u00e1le m\u00e1te pr\u00e1vo podat st\u00ed\u017enost u dohl\u00ed\u017eitele \u2013 P\u0159edsedovi \u00da\u0159adu na ochranu osobn\u00edch \u00fadaj\u016f. Poskytnut\u00ed va\u0161ich osobn\u00edch \u00fadaj\u016f V\u00e1mi je dobrovoln\u00e9, ale je nezbytn\u00e9 pro zasl\u00e1n\u00ed odpov\u011bdi. Va\u0161e \u00fadaje nebudou zpracov\u00e1ny automatizovan\u00fdm zp\u016fsobem.\u00a0V souladu s obecn\u00fdm na\u0159\u00edzen\u00edm o ochran\u011b osobn\u00edch \u00fadaj\u016f ze dne 27. dubna 2016 a v souladu se z\u00e1konem ze dne 18. \u010dervence 2002 o poskytov\u00e1n\u00ed elektronick\u00fdch slu\u017eeb (Sb\u00edrka z\u00e1kon\u016f \u010d. 144, polo\u017eka 1204, ve zn\u011bn\u00ed pozd\u011bj\u0161\u00edch p\u0159edpis\u016f), souhlas\u00edm se zpracov\u00e1n\u00edm m\u00fdch osobn\u00edch \u00fadaj\u016f s c\u00edlem ov\u011b\u0159it si, \u017ee \u00fadaje, kter\u00e9 mi poskytnete ve formul\u00e1\u0159i, jsou pravdiv\u00e9 a budou pou\u017eity nato, aby mi spr\u00e1vce umo\u017enil online p\u0159\u00edstup do katalogu v\u00fdrobk\u016f. Spr\u00e1vcem va\u0161ich \u00fadaj\u016f je IQ Prisma Sp. z o.o. se s\u00eddlem ul. Rodziewicz\u00f3wny 4, Opole, Polsko (\u010d\u00edslo v OR Polsk\u00e9 republiky 0000465835, DI\u010c PL7543073277, I\u010cO 161535696).<\/p>\n<p><\/div>\n\t\t<\/div><div class='yrm-btn-wrapper yrm-btn-wrapper-2 yrm-more-button-wrapper  '\n\t\tdata-custom-more-class-name='' data-custom-less-class-name=''><span title='' data-less-title='' data-more-title='' class='yrm-toggle-expand  yrm-toggle-expand-2 ' data-rel='yrm-JWjbP' data-more='V\u00edce' data-less='M\u00e9n\u011b'><span class='yrm-text-wrapper yrm-text-wrapper-custom-dimensions'><span class=\"yrm-button-text-2 yrm-button-text-span\">V\u00edce<\/span><\/span><\/span><\/div>\n","protected":false},"excerpt":{"rendered":"<p>(vypl\u0148uje optika)<\/p>\n","protected":false},"author":1,"featured_media":0,"parent":0,"menu_order":0,"comment_status":"closed","ping_status":"closed","template":"","meta":{"_acf_changed":false,"footnotes":""},"class_list":["post-5858","page","type-page","status-publish","hentry"],"acf":[],"_links":{"self":[{"href":"https:\/\/iqprisma.pl\/cs\/wp-json\/wp\/v2\/pages\/5858","targetHints":{"allow":["GET"]}}],"collection":[{"href":"https:\/\/iqprisma.pl\/cs\/wp-json\/wp\/v2\/pages"}],"about":[{"href":"https:\/\/iqprisma.pl\/cs\/wp-json\/wp\/v2\/types\/page"}],"author":[{"embeddable":true,"href":"https:\/\/iqprisma.pl\/cs\/wp-json\/wp\/v2\/users\/1"}],"replies":[{"embeddable":true,"href":"https:\/\/iqprisma.pl\/cs\/wp-json\/wp\/v2\/comments?post=5858"}],"version-history":[{"count":0,"href":"https:\/\/iqprisma.pl\/cs\/wp-json\/wp\/v2\/pages\/5858\/revisions"}],"wp:attachment":[{"href":"https:\/\/iqprisma.pl\/cs\/wp-json\/wp\/v2\/media?parent=5858"}],"curies":[{"name":"wp","href":"https:\/\/api.w.org\/{rel}","templated":true}]}}